{"id":646,"date":"2021-06-01T10:21:33","date_gmt":"2021-06-01T08:21:33","guid":{"rendered":"http:\/\/v3.hkt.de\/kontakt\/"},"modified":"2026-03-30T12:20:49","modified_gmt":"2026-03-30T10:20:49","slug":"contact","status":"publish","type":"page","link":"https:\/\/hkt.de\/en\/contact\/","title":{"rendered":"Contact"},"content":{"rendered":"<p>[et_pb_section fb_built=&#8221;1&#8243; _builder_version=&#8221;4.16&#8243; _module_preset=&#8221;default&#8221; background_color=&#8221;#FFFFFF&#8221; global_colors_info=&#8221;{}&#8221;][et_pb_row _builder_version=&#8221;4.16&#8243; _module_preset=&#8221;default&#8221; global_colors_info=&#8221;{}&#8221;][et_pb_column type=&#8221;4_4&#8243; _builder_version=&#8221;4.16&#8243; _module_preset=&#8221;default&#8221; global_colors_info=&#8221;{}&#8221;][et_pb_text _builder_version=&#8221;4.16&#8243; _module_preset=&#8221;default&#8221; header_3_font=&#8221;Nunito|800|on||||||&#8221; header_3_text_color=&#8221;#273e4f&#8221; header_3_font_size=&#8221;60px&#8221; header_3_font_size_tablet=&#8221;&#8221; header_3_font_size_phone=&#8221;40px&#8221; header_3_font_size_last_edited=&#8221;on|phone&#8221; global_colors_info=&#8221;{}&#8221;]<\/p>\n<h3>Get Connected<\/h3>\n<p>[\/et_pb_text][et_pb_text _builder_version=&#8221;4.16&#8243; _module_preset=&#8221;default&#8221; text_font=&#8221;Nunito||||||||&#8221; text_text_color=&#8221;#666666&#8243; text_font_size=&#8221;20px&#8221; text_font_size_tablet=&#8221;&#8221; text_font_size_phone=&#8221;&#8221; text_font_size_last_edited=&#8221;on|phone&#8221; global_colors_info=&#8221;{}&#8221;]<\/p>\n<p>HKT GmbH<br \/>Am Umweltpark 15<br \/>44793 Bochum \/ Germany<\/p>\n<p>Telefon: <a href=\"tel:0234913660\">+49 234-91366-0<\/a><br \/>E-Mail: <a href=\"mailto:info@hkt.de\">info@hkt.de<\/a><\/p>\n<p>[\/et_pb_text][\/et_pb_column][\/et_pb_row][\/et_pb_section][et_pb_section fb_built=&#8221;1&#8243; fullwidth=&#8221;on&#8221; _builder_version=&#8221;4.16&#8243; _module_preset=&#8221;default&#8221; global_colors_info=&#8221;{}&#8221;][et_pb_fullwidth_map google_api_key=&#8221;AIzaSyDwA9nafQROk24lJigmpnxp9vF4KYVvdzE&#8221; address=&#8221;Am Umweltpark 15, 44793 Bochum, Deutschland&#8221; zoom_level=&#8221;15&#8243; address_lat=&#8221;51.4703699&#8243; address_lng=&#8221;7.1956587&#8243; disabled_on=&#8221;off|off|off&#8221; _builder_version=&#8221;4.16&#8243; _module_preset=&#8221;default&#8221; height=&#8221;500px&#8221; height_tablet=&#8221;400px&#8221; height_phone=&#8221;350px&#8221; height_last_edited=&#8221;on|phone&#8221; child_filter_saturate=&#8221;45%&#8221; global_colors_info=&#8221;{}&#8221;][et_pb_map_pin title=&#8221;HKT GmbH&#8221; pin_address=&#8221;Am Umweltpark 15, 44793 Bochum, Deutschland&#8221; pin_address_lat=&#8221;51.4703699&#8243; pin_address_lng=&#8221;7.1956587&#8243; _builder_version=&#8221;4.11.4&#8243; _module_preset=&#8221;default&#8221; global_colors_info=&#8221;{}&#8221;]<\/p>\n<p>Am Umweltpark 15<br \/>44793 Bochum<\/p>\n<p>[\/et_pb_map_pin][\/et_pb_fullwidth_map][\/et_pb_section][et_pb_section fb_built=&#8221;1&#8243; _builder_version=&#8221;4.16&#8243; _module_preset=&#8221;default&#8221; background_color=&#8221;#e8e8e8&#8243; global_colors_info=&#8221;{}&#8221;][et_pb_row _builder_version=&#8221;4.16&#8243; _module_preset=&#8221;default&#8221; global_colors_info=&#8221;{}&#8221;][et_pb_column type=&#8221;4_4&#8243; _builder_version=&#8221;4.16&#8243; _module_preset=&#8221;default&#8221; global_colors_info=&#8221;{}&#8221;][et_pb_text _builder_version=&#8221;4.16&#8243; _module_preset=&#8221;default&#8221; text_font=&#8221;|300||on|||||&#8221; text_text_color=&#8221;#666666&#8243; text_font_size=&#8221;44px&#8221; text_line_height=&#8221;1.2em&#8221; min_height=&#8221;100px&#8221; min_height_tablet=&#8221;220px&#8221; min_height_phone=&#8221;150px&#8221; min_height_last_edited=&#8221;on|desktop&#8221; text_font_size_tablet=&#8221;&#8221; text_font_size_phone=&#8221;25px&#8221; text_font_size_last_edited=&#8221;on|phone&#8221; global_colors_info=&#8221;{}&#8221;]<\/p>\n<p><span>365 \/ 24 \u2013 AVAILABLE TO YOU ON SITE THROUGHOUT GERMANY<\/span><\/p>\n<p>[\/et_pb_text][\/et_pb_column][\/et_pb_row][et_pb_row column_structure=&#8221;1_3,1_3,1_3&#8243; _builder_version=&#8221;4.27.6&#8243; _module_preset=&#8221;default&#8221; custom_margin=&#8221;||||false|false&#8221; hover_enabled=&#8221;0&#8243; global_colors_info=&#8221;{}&#8221; custom_margin_last_edited=&#8221;on|tablet&#8221; sticky_enabled=&#8221;0&#8243; custom_margin_phone=&#8221;||20px||false|false&#8221; custom_margin_tablet=&#8221;||20px||false|false&#8221;][et_pb_column type=&#8221;1_3&#8243; _builder_version=&#8221;4.16&#8243; _module_preset=&#8221;default&#8221; global_colors_info=&#8221;{}&#8221;][et_pb_text _builder_version=&#8221;4.16&#8243; _module_preset=&#8221;default&#8221; header_3_text_color=&#8221;#7e7e7e&#8221; header_4_font=&#8221;|700|||||||&#8221; header_4_text_color=&#8221;#7e7e7e&#8221; global_colors_info=&#8221;{}&#8221;]<\/p>\n<h4>Headquarters Bochum<\/h4>\n<p>Am Umweltpark 15<br \/>44793 Bochum<br \/>Telefon: 0234-91366-0<br \/>E-Mail: <a href=\"mailto:info@hkt.de\">info@hkt.de<\/a><\/p>\n<p>[\/et_pb_text][\/et_pb_column][et_pb_column type=&#8221;1_3&#8243; _builder_version=&#8221;4.16&#8243; _module_preset=&#8221;default&#8221; global_colors_info=&#8221;{}&#8221;][et_pb_text _builder_version=&#8221;4.27.0&#8243; _module_preset=&#8221;default&#8221; header_3_text_color=&#8221;#7e7e7e&#8221; header_4_font=&#8221;|700|||||||&#8221; header_4_text_color=&#8221;#7e7e7e&#8221; global_colors_info=&#8221;{}&#8221;]<\/p>\n<h4>Branch Bochum (IT)<\/h4>\n<p>Obere Stahlindustrie 4<br \/>44793 Bochum<\/p>\n<p>[\/et_pb_text][\/et_pb_column][et_pb_column type=&#8221;1_3&#8243; _builder_version=&#8221;4.16&#8243; _module_preset=&#8221;default&#8221; global_colors_info=&#8221;{}&#8221;][\/et_pb_column][\/et_pb_row][et_pb_row column_structure=&#8221;1_3,1_3,1_3&#8243; _builder_version=&#8221;4.27.6&#8243; _module_preset=&#8221;default&#8221; custom_margin=&#8221;||||false|false&#8221; hover_enabled=&#8221;0&#8243; global_colors_info=&#8221;{}&#8221; custom_margin_last_edited=&#8221;on|phone&#8221; sticky_enabled=&#8221;0&#8243; custom_margin_tablet=&#8221;||20px||false|false&#8221; custom_margin_phone=&#8221;||||false|false&#8221;][et_pb_column type=&#8221;1_3&#8243; _builder_version=&#8221;4.16&#8243; _module_preset=&#8221;default&#8221; global_colors_info=&#8221;{}&#8221;][et_pb_text _builder_version=&#8221;4.16&#8243; _module_preset=&#8221;default&#8221; header_3_text_color=&#8221;#7e7e7e&#8221; header_4_font=&#8221;|700|||||||&#8221; header_4_text_color=&#8221;#7e7e7e&#8221; custom_margin=&#8221;||||false|false&#8221; global_colors_info=&#8221;{}&#8221;]<\/p>\n<h4 class=\"et_pb_module_header\">Branch Augsburg<\/h4>\n<p><span>Meierweg 10<\/span><br \/><span>86154 Augsburg<\/span><\/p>\n<p>[\/et_pb_text][\/et_pb_column][et_pb_column type=&#8221;1_3&#8243; _builder_version=&#8221;4.16&#8243; _module_preset=&#8221;default&#8221; global_colors_info=&#8221;{}&#8221;][et_pb_text _builder_version=&#8221;4.16&#8243; _module_preset=&#8221;default&#8221; header_3_text_color=&#8221;#7e7e7e&#8221; header_4_font=&#8221;|700|||||||&#8221; header_4_text_color=&#8221;#7e7e7e&#8221; global_colors_info=&#8221;{}&#8221;]<\/p>\n<h4 class=\"et_pb_module_header\">Branch Berlin<\/h4>\n<p><span>Storkower Stra\u00dfe 113<\/span><br \/><span>10407 Berlin<\/span><\/p>\n<p>[\/et_pb_text][\/et_pb_column][et_pb_column type=&#8221;1_3&#8243; _builder_version=&#8221;4.16&#8243; _module_preset=&#8221;default&#8221; global_colors_info=&#8221;{}&#8221;][et_pb_text _builder_version=&#8221;4.27.6&#8243; _module_preset=&#8221;default&#8221; header_3_text_color=&#8221;#7e7e7e&#8221; header_4_font=&#8221;|700|||||||&#8221; header_4_text_color=&#8221;#7e7e7e&#8221; custom_margin=&#8221;10px||0px||false|false&#8221; custom_margin_tablet=&#8221;0px||||false|false&#8221; custom_margin_phone=&#8221;0px||20px||false|false&#8221; custom_margin_last_edited=&#8221;on|desktop&#8221; global_colors_info=&#8221;{}&#8221;]<\/p>\n<h4>Branch Th\u00fcringen<\/h4>\n<p>Gewerbestra\u00dfe 1<br \/>99752 Bleicherode<\/p>\n<p>[\/et_pb_text][\/et_pb_column][\/et_pb_row][et_pb_row column_structure=&#8221;1_3,1_3,1_3&#8243; _builder_version=&#8221;4.27.6&#8243; _module_preset=&#8221;default&#8221; custom_margin=&#8221;||||false|false&#8221; hover_enabled=&#8221;0&#8243; global_colors_info=&#8221;{}&#8221; custom_margin_last_edited=&#8221;on|phone&#8221; sticky_enabled=&#8221;0&#8243; custom_margin_tablet=&#8221;||20px||false|false&#8221; custom_margin_phone=&#8221;||20px||false|false&#8221;][et_pb_column type=&#8221;1_3&#8243; _builder_version=&#8221;4.16&#8243; _module_preset=&#8221;default&#8221; global_colors_info=&#8221;{}&#8221;][et_pb_text _builder_version=&#8221;4.27.6&#8243; _module_preset=&#8221;default&#8221; header_3_text_color=&#8221;#7e7e7e&#8221; header_4_font=&#8221;|700|||||||&#8221; header_4_text_color=&#8221;#7e7e7e&#8221; custom_margin=&#8221;0px|-1px|||false|false&#8221; custom_margin_tablet=&#8221;0px|-1px|||false|false&#8221; custom_margin_phone=&#8221;0px|-1px|||false|false&#8221; custom_margin_last_edited=&#8221;on|phone&#8221; custom_padding=&#8221;||||false|false&#8221; global_colors_info=&#8221;{}&#8221;]<\/p>\n<h4 class=\"et_pb_module_header\">Branch Gro\u00df-Gerau<\/h4>\n<p><span>St. Florian Stra\u00dfe 2<br \/>64521 Gross-Gerau<\/span><\/p>\n<p>[\/et_pb_text][\/et_pb_column][et_pb_column type=&#8221;1_3&#8243; _builder_version=&#8221;4.16&#8243; _module_preset=&#8221;default&#8221; global_colors_info=&#8221;{}&#8221;][et_pb_text _builder_version=&#8221;4.16&#8243; _module_preset=&#8221;default&#8221; header_3_text_color=&#8221;#7e7e7e&#8221; header_4_font=&#8221;|700|||||||&#8221; header_4_text_color=&#8221;#7e7e7e&#8221; custom_margin=&#8221;|-5px|||false|false&#8221; global_colors_info=&#8221;{}&#8221;]<\/p>\n<h4 class=\"et_pb_module_header\">Branch Klipphausen<\/h4>\n<p><span>Hamburger Ring 1<\/span><br \/><span>01665 Klipphausen<\/span><\/p>\n<p>[\/et_pb_text][\/et_pb_column][et_pb_column type=&#8221;1_3&#8243; _builder_version=&#8221;4.16&#8243; _module_preset=&#8221;default&#8221; global_colors_info=&#8221;{}&#8221;][et_pb_text _builder_version=&#8221;4.27.6&#8243; _module_preset=&#8221;default&#8221; header_3_text_color=&#8221;#7e7e7e&#8221; header_4_font=&#8221;|700|||||||&#8221; header_4_text_color=&#8221;#7e7e7e&#8221; min_height=&#8221;97.2px&#8221; custom_margin=&#8221;|0px|0px||false|false&#8221; custom_margin_tablet=&#8221;|0px|0px||false|false&#8221; custom_margin_phone=&#8221;||20px||false|false&#8221; custom_margin_last_edited=&#8221;on|phone&#8221; custom_padding=&#8221;||0px||false|false&#8221; global_colors_info=&#8221;{}&#8221;]<\/p>\n<h4 class=\"et_pb_module_header\">Branch L\u00fcbeck<\/h4>\n<p><span>Grapengie\u00dferstr. 34B<br \/>23556 L\u00fcbeck<\/span><span><\/span><span><\/span><\/p>\n<p>[\/et_pb_text][\/et_pb_column][\/et_pb_row][et_pb_row column_structure=&#8221;1_3,1_3,1_3&#8243; _builder_version=&#8221;4.27.6&#8243; _module_preset=&#8221;default&#8221; custom_margin=&#8221;||20px||false|false&#8221; global_colors_info=&#8221;{}&#8221;][et_pb_column type=&#8221;1_3&#8243; _builder_version=&#8221;4.16&#8243; _module_preset=&#8221;default&#8221; global_colors_info=&#8221;{}&#8221;][et_pb_text _builder_version=&#8221;4.27.6&#8243; _module_preset=&#8221;default&#8221; header_3_text_color=&#8221;#7e7e7e&#8221; header_4_font=&#8221;|700|||||||&#8221; header_4_text_color=&#8221;#7e7e7e&#8221; custom_margin=&#8221;0px||||false|false&#8221; custom_margin_tablet=&#8221;0px||||false|false&#8221; custom_margin_phone=&#8221;0px||||false|false&#8221; custom_margin_last_edited=&#8221;on|phone&#8221; global_colors_info=&#8221;{}&#8221;]<\/p>\n<h4 class=\"et_pb_module_header\">Branch Hannover<\/h4>\n<p>Lehmannstra\u00dfe 1<br \/>30455 Hannover<\/p>\n<p>[\/et_pb_text][\/et_pb_column][et_pb_column type=&#8221;1_3&#8243; _builder_version=&#8221;4.16&#8243; _module_preset=&#8221;default&#8221; global_colors_info=&#8221;{}&#8221;][et_pb_text _builder_version=&#8221;4.19.5&#8243; _module_preset=&#8221;default&#8221; header_3_text_color=&#8221;#7e7e7e&#8221; header_4_font=&#8221;|700|||||||&#8221; header_4_text_color=&#8221;#7e7e7e&#8221; custom_margin=&#8221;|-5px|||false|false&#8221; global_colors_info=&#8221;{}&#8221;]<\/p>\n<h4 class=\"et_pb_module_header\">Branch Weissach im Tal<\/h4>\n<p><span>An der Tongrube 52<\/span><br \/><span>71554 Weissach im Tal<\/span><\/p>\n<p><span><\/span><\/p>\n<p>[\/et_pb_text][\/et_pb_column][et_pb_column type=&#8221;1_3&#8243; _builder_version=&#8221;4.16&#8243; _module_preset=&#8221;default&#8221; global_colors_info=&#8221;{}&#8221;][\/et_pb_column][\/et_pb_row][\/et_pb_section]<\/p>\n","protected":false},"excerpt":{"rendered":"<p>Get ConnectedHKT GmbHAm Umweltpark 1544793 Bochum \/ Germany Telefon: +49 234-91366-0E-Mail: info@hkt.deAm Umweltpark 1544793 Bochum365 \/ 24 \u2013 AVAILABLE TO YOU ON SITE THROUGHOUT GERMANYHeadquarters Bochum Am Umweltpark 1544793 BochumTelefon: 0234-91366-0E-Mail: info@hkt.deBranch Bochum (IT) Obere Stahlindustrie 444793 BochumBranch Augsburg Meierweg 1086154 AugsburgBranch Berlin Storkower Stra\u00dfe 11310407 BerlinBranch Th\u00fcringen Gewerbestra\u00dfe 199752 BleicherodeBranch Gro\u00df-Gerau St. Florian Stra\u00dfe [&hellip;]<\/p>\n","protected":false},"author":5,"featured_media":0,"parent":0,"menu_order":0,"comment_status":"closed","ping_status":"closed","template":"","meta":{"_et_pb_use_builder":"on","_et_pb_old_content":"","_et_gb_content_width":"","footnotes":""},"class_list":["post-646","page","type-page","status-publish","hentry"],"yoast_head":"<!-- This site is optimized with the Yoast SEO plugin v27.4 - https:\/\/yoast.com\/product\/yoast-seo-wordpress\/ -->\n<title>Contact - HKT<\/title>\n<meta name=\"robots\" content=\"index, follow, max-snippet:-1, max-image-preview:large, max-video-preview:-1\" \/>\n<link rel=\"canonical\" href=\"https:\/\/hkt.de\/kontakt\/\" \/>\n<meta property=\"og:locale\" content=\"en_US\" \/>\n<meta property=\"og:type\" content=\"article\" \/>\n<meta property=\"og:title\" content=\"Contact - HKT\" \/>\n<meta property=\"og:description\" content=\"Get ConnectedHKT GmbHAm Umweltpark 1544793 Bochum \/ Germany Telefon: +49 234-91366-0E-Mail: info@hkt.deAm Umweltpark 1544793 Bochum365 \/ 24 \u2013 AVAILABLE TO YOU ON SITE THROUGHOUT GERMANYHeadquarters Bochum Am Umweltpark 1544793 BochumTelefon: 0234-91366-0E-Mail: info@hkt.deBranch Bochum (IT) Obere Stahlindustrie 444793 BochumBranch Augsburg Meierweg 1086154 AugsburgBranch Berlin Storkower Stra\u00dfe 11310407 BerlinBranch Th\u00fcringen Gewerbestra\u00dfe 199752 BleicherodeBranch Gro\u00df-Gerau St. Florian Stra\u00dfe [&hellip;]\" \/>\n<meta property=\"og:url\" content=\"https:\/\/hkt.de\/kontakt\/\" \/>\n<meta property=\"og:site_name\" content=\"HKT\" \/>\n<meta property=\"article:modified_time\" content=\"2026-03-30T10:20:49+00:00\" \/>\n<meta name=\"twitter:card\" content=\"summary_large_image\" \/>\n<meta name=\"twitter:label1\" content=\"Est. reading time\" \/>\n\t<meta name=\"twitter:data1\" content=\"2 minutes\" \/>\n<script type=\"application\/ld+json\" class=\"yoast-schema-graph\">{\"@context\":\"https:\\\/\\\/schema.org\",\"@graph\":[{\"@type\":\"WebPage\",\"@id\":\"https:\\\/\\\/hkt.de\\\/kontakt\\\/\",\"url\":\"https:\\\/\\\/hkt.de\\\/kontakt\\\/\",\"name\":\"Contact - HKT\",\"isPartOf\":{\"@id\":\"https:\\\/\\\/hkt.de\\\/#website\"},\"datePublished\":\"2021-06-01T08:21:33+00:00\",\"dateModified\":\"2026-03-30T10:20:49+00:00\",\"breadcrumb\":{\"@id\":\"https:\\\/\\\/hkt.de\\\/kontakt\\\/#breadcrumb\"},\"inLanguage\":\"en-US\",\"potentialAction\":[{\"@type\":\"ReadAction\",\"target\":[\"https:\\\/\\\/hkt.de\\\/kontakt\\\/\"]}]},{\"@type\":\"BreadcrumbList\",\"@id\":\"https:\\\/\\\/hkt.de\\\/kontakt\\\/#breadcrumb\",\"itemListElement\":[{\"@type\":\"ListItem\",\"position\":1,\"name\":\"Startseite\",\"item\":\"https:\\\/\\\/hkt.de\\\/en\\\/\"},{\"@type\":\"ListItem\",\"position\":2,\"name\":\"Contact\"}]},{\"@type\":\"WebSite\",\"@id\":\"https:\\\/\\\/hkt.de\\\/#website\",\"url\":\"https:\\\/\\\/hkt.de\\\/\",\"name\":\"HKT\",\"description\":\"we connect.\",\"potentialAction\":[{\"@type\":\"SearchAction\",\"target\":{\"@type\":\"EntryPoint\",\"urlTemplate\":\"https:\\\/\\\/hkt.de\\\/?s={search_term_string}\"},\"query-input\":{\"@type\":\"PropertyValueSpecification\",\"valueRequired\":true,\"valueName\":\"search_term_string\"}}],\"inLanguage\":\"en-US\"}]}<\/script>\n<!-- \/ Yoast SEO plugin. -->","yoast_head_json":{"title":"Contact - HKT","robots":{"index":"index","follow":"follow","max-snippet":"max-snippet:-1","max-image-preview":"max-image-preview:large","max-video-preview":"max-video-preview:-1"},"canonical":"https:\/\/hkt.de\/kontakt\/","og_locale":"en_US","og_type":"article","og_title":"Contact - HKT","og_description":"Get ConnectedHKT GmbHAm Umweltpark 1544793 Bochum \/ Germany Telefon: +49 234-91366-0E-Mail: info@hkt.deAm Umweltpark 1544793 Bochum365 \/ 24 \u2013 AVAILABLE TO YOU ON SITE THROUGHOUT GERMANYHeadquarters Bochum Am Umweltpark 1544793 BochumTelefon: 0234-91366-0E-Mail: info@hkt.deBranch Bochum (IT) Obere Stahlindustrie 444793 BochumBranch Augsburg Meierweg 1086154 AugsburgBranch Berlin Storkower Stra\u00dfe 11310407 BerlinBranch Th\u00fcringen Gewerbestra\u00dfe 199752 BleicherodeBranch Gro\u00df-Gerau St. Florian Stra\u00dfe [&hellip;]","og_url":"https:\/\/hkt.de\/kontakt\/","og_site_name":"HKT","article_modified_time":"2026-03-30T10:20:49+00:00","twitter_card":"summary_large_image","twitter_misc":{"Est. reading time":"2 minutes"},"schema":{"@context":"https:\/\/schema.org","@graph":[{"@type":"WebPage","@id":"https:\/\/hkt.de\/kontakt\/","url":"https:\/\/hkt.de\/kontakt\/","name":"Contact - HKT","isPartOf":{"@id":"https:\/\/hkt.de\/#website"},"datePublished":"2021-06-01T08:21:33+00:00","dateModified":"2026-03-30T10:20:49+00:00","breadcrumb":{"@id":"https:\/\/hkt.de\/kontakt\/#breadcrumb"},"inLanguage":"en-US","potentialAction":[{"@type":"ReadAction","target":["https:\/\/hkt.de\/kontakt\/"]}]},{"@type":"BreadcrumbList","@id":"https:\/\/hkt.de\/kontakt\/#breadcrumb","itemListElement":[{"@type":"ListItem","position":1,"name":"Startseite","item":"https:\/\/hkt.de\/en\/"},{"@type":"ListItem","position":2,"name":"Contact"}]},{"@type":"WebSite","@id":"https:\/\/hkt.de\/#website","url":"https:\/\/hkt.de\/","name":"HKT","description":"we connect.","potentialAction":[{"@type":"SearchAction","target":{"@type":"EntryPoint","urlTemplate":"https:\/\/hkt.de\/?s={search_term_string}"},"query-input":{"@type":"PropertyValueSpecification","valueRequired":true,"valueName":"search_term_string"}}],"inLanguage":"en-US"}]}},"_links":{"self":[{"href":"https:\/\/hkt.de\/en\/wp-json\/wp\/v2\/pages\/646","targetHints":{"allow":["GET"]}}],"collection":[{"href":"https:\/\/hkt.de\/en\/wp-json\/wp\/v2\/pages"}],"about":[{"href":"https:\/\/hkt.de\/en\/wp-json\/wp\/v2\/types\/page"}],"author":[{"embeddable":true,"href":"https:\/\/hkt.de\/en\/wp-json\/wp\/v2\/users\/5"}],"replies":[{"embeddable":true,"href":"https:\/\/hkt.de\/en\/wp-json\/wp\/v2\/comments?post=646"}],"version-history":[{"count":30,"href":"https:\/\/hkt.de\/en\/wp-json\/wp\/v2\/pages\/646\/revisions"}],"predecessor-version":[{"id":4248,"href":"https:\/\/hkt.de\/en\/wp-json\/wp\/v2\/pages\/646\/revisions\/4248"}],"wp:attachment":[{"href":"https:\/\/hkt.de\/en\/wp-json\/wp\/v2\/media?parent=646"}],"curies":[{"name":"wp","href":"https:\/\/api.w.org\/{rel}","templated":true}]}}