{"id":2122,"date":"2021-06-17T18:35:38","date_gmt":"2021-06-17T16:35:38","guid":{"rendered":"http:\/\/v3.hkt.de\/?page_id=2122"},"modified":"2023-08-03T13:17:18","modified_gmt":"2023-08-03T11:17:18","slug":"career","status":"publish","type":"page","link":"https:\/\/hkt.de\/en\/career\/","title":{"rendered":"Career"},"content":{"rendered":"<p>[et_pb_section fb_built=&#8221;1&#8243; fullwidth=&#8221;on&#8221; admin_label=&#8221;Sektion&#8221; _builder_version=&#8221;4.16&#8243; _module_preset=&#8221;default&#8221; custom_margin=&#8221;||||false|false&#8221; custom_padding=&#8221;||||false|false&#8221; bottom_divider_style=&#8221;waves2&#8243; bottom_divider_color=&#8221;#FFFFFF&#8221; global_colors_info=&#8221;{}&#8221;][et_pb_fullwidth_slider show_arrows=&#8221;off&#8221; show_pagination=&#8221;off&#8221; use_bg_overlay=&#8221;off&#8221; use_text_overlay=&#8221;off&#8221; _builder_version=&#8221;4.16&#8243; _module_preset=&#8221;default&#8221; header_level=&#8221;h1&#8243; header_font=&#8221;Nunito|800|||||||&#8221; header_text_align=&#8221;center&#8221; header_text_color=&#8221;#FFFFFF&#8221; body_font=&#8221;|800|||||||&#8221; body_font_size=&#8221;20px&#8221; background_image=&#8221;http:\/\/v3.hkt.de\/wp-content\/uploads\/2021\/06\/Karriere_HKT.jpg&#8221; custom_margin=&#8221;||||false|false&#8221; custom_padding=&#8221;250px||250px||false|false&#8221; custom_padding_tablet=&#8221;||||false|false&#8221; custom_padding_phone=&#8221;&#8221; custom_padding_last_edited=&#8221;on|phone&#8221; body_font_size_tablet=&#8221;&#8221; body_font_size_phone=&#8221;&#8221; body_font_size_last_edited=&#8221;on|phone&#8221; global_colors_info=&#8221;{}&#8221;][et_pb_slide use_bg_overlay=&#8221;off&#8221; use_text_overlay=&#8221;on&#8221; text_overlay_color=&#8221;rgba(0,0,0,0.5)&#8221; text_border_radius=&#8221;0px&#8221; _builder_version=&#8221;4.16&#8243; _module_preset=&#8221;default&#8221; header_level=&#8221;h1&#8243; header_font=&#8221;Nunito|800|||||||&#8221; header_font_size=&#8221;40px&#8221; header_letter_spacing=&#8221;0px&#8221; body_font=&#8221;Nunito|800|||||||&#8221; body_text_color=&#8221;#FFFFFF&#8221; body_font_size=&#8221;54px&#8221; body_line_height=&#8221;1.5em&#8221; background_enable_color=&#8221;off&#8221; text_orientation=&#8221;center&#8221; custom_padding=&#8221;300px||250px||false|false&#8221; body_font_size_tablet=&#8221;&#8221; body_font_size_phone=&#8221;30px&#8221; body_font_size_last_edited=&#8221;on|tablet&#8221; body_line_height_tablet=&#8221;1.1em&#8221; body_line_height_phone=&#8221;&#8221; body_line_height_last_edited=&#8221;on|phone&#8221; custom_css_slide_title=&#8221;padding: 0;||margin: 0;&#8221; custom_css_slide_container=&#8221;margin: 0;&#8221; global_colors_info=&#8221;{}&#8221; sticky_transition=&#8221;on&#8221;]<\/p>\n<p><strong>WELCOME TO OUR TEAM!<\/strong><\/p>\n<p>[\/et_pb_slide][\/et_pb_fullwidth_slider][\/et_pb_section][et_pb_section fb_built=&#8221;1&#8243; admin_label=&#8221;Sektion&#8221; _builder_version=&#8221;4.16&#8243; _module_preset=&#8221;default&#8221; background_color=&#8221;RGBA(0,0,0,0)&#8221; collapsed=&#8221;off&#8221; global_colors_info=&#8221;{}&#8221;][et_pb_row _builder_version=&#8221;4.16&#8243; _module_preset=&#8221;default&#8221; global_colors_info=&#8221;{}&#8221;][et_pb_column type=&#8221;4_4&#8243; _builder_version=&#8221;4.16&#8243; _module_preset=&#8221;default&#8221; global_colors_info=&#8221;{}&#8221;][et_pb_text _builder_version=&#8221;4.16&#8243; _module_preset=&#8221;default&#8221; header_3_font=&#8221;|800|on|on|||||&#8221; header_3_text_color=&#8221;#273e4f&#8221; header_3_font_size=&#8221;60px&#8221; header_3_font_size_tablet=&#8221;&#8221; header_3_font_size_phone=&#8221;40px&#8221; header_3_font_size_last_edited=&#8221;on|phone&#8221; global_colors_info=&#8221;{}&#8221;]<\/p>\n<h3>CAREERS AT HKT<\/h3>\n<p>[\/et_pb_text][\/et_pb_column][\/et_pb_row][et_pb_row column_structure=&#8221;1_2,1_2&#8243; _builder_version=&#8221;4.16&#8243; _module_preset=&#8221;default&#8221; global_colors_info=&#8221;{}&#8221;][et_pb_column type=&#8221;1_2&#8243; _builder_version=&#8221;4.16&#8243; _module_preset=&#8221;default&#8221; global_colors_info=&#8221;{}&#8221;][et_pb_text _builder_version=&#8221;4.21.2&#8243; _module_preset=&#8221;default&#8221; text_text_color=&#8221;#666666&#8243; text_font_size=&#8221;19px&#8221; global_colors_info=&#8221;{}&#8221;]<\/p>\n<p>An important cornerstone of our success is the constant growth of knowledge through the acquisition of new qualified employees. We offer you, an engaged specialist, excellent development opportunities, an exciting and varied area of responsibility and, of course, recognition for good performance.<\/p>\n<p>Providing new employees with intensive training opportunities in their specific project field is part of our philosophy. In addition, a personal point of contact will always be of assistance and will help you to reach your full potential.<\/p>\n<p><strong>Have we sparked an interest? Then we would be very happy to receive your application.<\/strong><strong><\/strong><\/p>\n<p>[\/et_pb_text][\/et_pb_column][et_pb_column type=&#8221;1_2&#8243; _builder_version=&#8221;4.16&#8243; _module_preset=&#8221;default&#8221; global_colors_info=&#8221;{}&#8221;][et_pb_text _builder_version=&#8221;4.21.2&#8243; _module_preset=&#8221;default&#8221; text_font_size=&#8221;19px&#8221; global_colors_info=&#8221;{}&#8221;]<\/p>\n<p><strong>We offer you:<\/strong><\/p>\n<p>&nbsp;<\/p>\n<ul>\n<li>Intensive and mentored induction phases<\/li>\n<li>Modern workstations and technologies<\/li>\n<li>Personalized and needs-oriented development<\/li>\n<li>Consideration of your personal situation (place of residence etc.)<\/li>\n<li>Active feedback culture<\/li>\n<li>Quick decisions due to our structure<\/li>\n<li>Career opportunities<\/li>\n<\/ul>\n<p>[\/et_pb_text][et_pb_text disabled_on=&#8221;on|on|on&#8221; _builder_version=&#8221;4.16&#8243; _module_preset=&#8221;default&#8221; disabled=&#8221;on&#8221; global_colors_info=&#8221;{}&#8221;]<\/p>\n<p><span style=\"color: #000000;\"><strong>Zur\u00fcck in Arbeit \u2013 eine Erfolgsgeschichte<\/strong><\/span><br \/>lesen Sie mehr auf der Seite des Berufsf\u00f6rderungswerks Sachsen-Anhalt<\/p>\n<p>[\/et_pb_text][\/et_pb_column][\/et_pb_row][\/et_pb_section][et_pb_section fb_built=&#8221;1&#8243; admin_label=&#8221;Sektion&#8221; _builder_version=&#8221;4.16&#8243; _module_preset=&#8221;default&#8221; background_color=&#8221;rgba(226,226,226,0.45)&#8221; custom_margin=&#8221;||||false|false&#8221; top_divider_style=&#8221;waves2&#8243; top_divider_color=&#8221;#FFFFFF&#8221; top_divider_height=&#8221;41px&#8221; global_colors_info=&#8221;{}&#8221;][et_pb_row _builder_version=&#8221;4.16&#8243; _module_preset=&#8221;default&#8221; global_colors_info=&#8221;{}&#8221;][et_pb_column type=&#8221;4_4&#8243; _builder_version=&#8221;4.16&#8243; _module_preset=&#8221;default&#8221; custom_padding=&#8221;30px||||false|false&#8221; global_colors_info=&#8221;{}&#8221;][et_pb_text _builder_version=&#8221;4.21.2&#8243; _module_preset=&#8221;default&#8221; global_colors_info=&#8221;{}&#8221;]<\/p>\n<p>HKT GmbH is part of the GfTD Group. Therefore you can find all our job offers in the job market of GfTD United SE. <br \/>You can find it here:<\/p>\n<p>[\/et_pb_text][et_pb_button button_url=&#8221;https:\/\/gftd-united.com\/jobs\/&#8221; url_new_window=&#8221;on&#8221; button_text=&#8221;Our job offers&#8221; _builder_version=&#8221;4.21.2&#8243; _module_preset=&#8221;default&#8221; custom_button=&#8221;on&#8221; button_text_color=&#8221;#444444&#8243; button_bg_color=&#8221;#FFFFFF&#8221; button_border_color=&#8221;#444444&#8243; global_colors_info=&#8221;{}&#8221;][\/et_pb_button][\/et_pb_column][\/et_pb_row][et_pb_row disabled_on=&#8221;on|on|on&#8221; _builder_version=&#8221;4.21.2&#8243; _module_preset=&#8221;default&#8221; disabled=&#8221;on&#8221; global_colors_info=&#8221;{}&#8221;][et_pb_column type=&#8221;4_4&#8243; _builder_version=&#8221;4.16&#8243; _module_preset=&#8221;default&#8221; custom_padding=&#8221;30px||||false|false&#8221; global_colors_info=&#8221;{}&#8221;][et_pb_blog fullwidth=&#8221;off&#8221; posts_number=&#8221;25&#8243; include_categories=&#8221;30&#8243; show_author=&#8221;off&#8221; show_date=&#8221;off&#8221; show_categories=&#8221;off&#8221; show_excerpt=&#8221;off&#8221; _builder_version=&#8221;4.16&#8243; _module_preset=&#8221;default&#8221; text_orientation=&#8221;left&#8221; border_color_all_image=&#8221;#353535&#8243; global_colors_info=&#8221;{}&#8221;][\/et_pb_blog][\/et_pb_column][\/et_pb_row][\/et_pb_section]<\/p>\n","protected":false},"excerpt":{"rendered":"<p>WELCOME TO OUR TEAM!CAREERS AT HKTAn important cornerstone of our success is the constant growth of knowledge through the acquisition of new qualified employees. We offer you, an engaged specialist, excellent development opportunities, an exciting and varied area of responsibility and, of course, recognition for good performance. Providing new employees with intensive training opportunities in [&hellip;]<\/p>\n","protected":false},"author":5,"featured_media":0,"parent":0,"menu_order":0,"comment_status":"closed","ping_status":"closed","template":"","meta":{"_et_pb_use_builder":"on","_et_pb_old_content":"[et_pb_section fb_built=\"1\" fullwidth=\"on\" admin_label=\"Sektion\" _builder_version=\"4.9.7\" _module_preset=\"default\" custom_margin=\"||||false|false\" custom_padding=\"||||false|false\" bottom_divider_style=\"waves2\" bottom_divider_color=\"#FFFFFF\"][et_pb_fullwidth_slider show_arrows=\"off\" show_pagination=\"off\" use_bg_overlay=\"off\" _builder_version=\"4.9.7\" _module_preset=\"default\" header_level=\"h1\" header_font=\"Nunito|800|||||||\" header_text_align=\"center\" header_text_color=\"#FFFFFF\" header_font_size=\"40px\" body_font=\"|800|||||||\" body_font_size=\"20px\" background_image=\"http:\/\/v3.hkt.de\/wp-content\/uploads\/2021\/06\/Karriere_HKT.jpg\" custom_margin=\"||||false|false\" custom_padding=\"400px||||false|false\" hover_enabled=\"0\" sticky_enabled=\"0\"][et_pb_slide use_bg_overlay=\"off\" _builder_version=\"4.9.7\" _module_preset=\"default\" header_level=\"h1\" header_font=\"Nunito|800|||||||\" header_font_size=\"40px\" header_letter_spacing=\"0px\" body_font=\"Nunito|800|||||||\" body_text_color=\"#FFFFFF\" body_font_size=\"70px\" text_orientation=\"center\" hover_enabled=\"0\" sticky_transition=\"on\" sticky_enabled=\"0\"][\/et_pb_slide][\/et_pb_fullwidth_slider][\/et_pb_section][et_pb_section fb_built=\"1\" admin_label=\"Sektion\" _builder_version=\"4.9.6\" _module_preset=\"default\" collapsed=\"on\"][et_pb_row _builder_version=\"4.9.6\" _module_preset=\"default\"][et_pb_column type=\"4_4\" _builder_version=\"4.9.6\" _module_preset=\"default\"][et_pb_text _builder_version=\"4.9.6\" _module_preset=\"default\" header_3_font=\"|800|on|on|||||\" header_3_text_color=\"#273e4f\" header_3_font_size=\"60px\"]<h3>Karriere Bei HKT<\/h3>[\/et_pb_text][\/et_pb_column][\/et_pb_row][et_pb_row column_structure=\"1_2,1_2\" _builder_version=\"4.9.6\" _module_preset=\"default\"][et_pb_column type=\"1_2\" _builder_version=\"4.9.6\" _module_preset=\"default\"][et_pb_text _builder_version=\"4.9.6\" _module_preset=\"default\" text_text_color=\"#666666\" text_font_size=\"19px\"]<p>Ein wichtiger Grundstein unseres Erfolgs ist der stetige Zuwachs von Know-how durch neue qualifizierte Mitarbeiter. Wir bieten Ihnen als engagierte Fachkraft hervorragende Entwicklungsm\u00f6glichkeiten, ein spannendes und abwechslungsreiches Aufgabengebiet und selbstverst\u00e4ndlich Anerkennung f\u00fcr geleistete Arbeit.<\/p>\r\n<p>Zu unserer Philosophie geh\u00f6rt es, neuen Mitarbeitern eine intensive Einarbeitung in ihren Projektbereichen zu erm\u00f6glichen. Dabei steht Ihnen immer ein pers\u00f6nlicher Ansprechpartner zur Seite und unterst\u00fctzt Sie dabei, Ihr volles Potential zu entwickeln.<\/p>\r\n<p><strong>Wir haben Ihr Interesse geweckt? Dann freuen wir uns auf Ihre Bewerbung.<\/strong><\/p>[\/et_pb_text][\/et_pb_column][et_pb_column type=\"1_2\" _builder_version=\"4.9.6\" _module_preset=\"default\"][et_pb_text _builder_version=\"4.9.6\" _module_preset=\"default\" text_font_size=\"19px\"]<p><strong>Wir bieten Ihnen:<\/strong><\/p>\r\n<p><strong><\/strong><\/p>\r\n<p><strong><\/strong><\/p>\r\n<ul>\r\n<li>Intensive und betreute Einarbeitungsphasen<\/li>\r\n<li>Moderne Arbeitspl\u00e4tze und Technologien<\/li>\r\n<li>Individuelle und bedarfsgerechte Weiterentwicklung<\/li>\r\n<li>Einbeziehung privater Mitarbeitersituationen (Wohnort etc.)<\/li>\r\n<li>Aktive Feedback-Kultur<\/li>\r\n<li>Schnelle Entscheidungen aufgrund unserer Struktur<\/li>\r\n<li>Karriere-Chancen<\/li>\r\n<li>Mitarbeiterentwicklung<\/li>\r\n<\/ul>[\/et_pb_text][et_pb_text _builder_version=\"4.9.6\" _module_preset=\"default\"]<p><span style=\"color: #000000;\"><strong>Zur\u00fcck in Arbeit \u2013 eine Erfolgsgeschichte<\/strong><\/span><br \/>lesen Sie mehr auf der Seite des Berufsf\u00f6rderungswerks Sachsen-Anhalt<\/p>[\/et_pb_text][et_pb_button button_text=\"zum Artikel\" _builder_version=\"4.9.6\" _module_preset=\"default\" custom_button=\"on\" button_text_size=\"19px\" button_text_color=\"#444444\" custom_margin=\"-23px||||false|false\"][\/et_pb_button][\/et_pb_column][\/et_pb_row][\/et_pb_section][et_pb_section fb_built=\"1\" prev_background_color=\"#ffffff\" admin_label=\"Sektion\" _builder_version=\"4.9.7\" _module_preset=\"default\" background_color=\"#efefef\" top_divider_style=\"waves2\" top_divider_height=\"41px\"][et_pb_row _builder_version=\"4.9.7\" _module_preset=\"default\"][et_pb_column type=\"4_4\" _builder_version=\"4.9.6\" _module_preset=\"default\"][et_pb_blog fullwidth=\"off\" posts_number=\"30\" include_categories=\"19\" show_author=\"off\" show_date=\"off\" show_categories=\"off\" show_excerpt=\"off\" _builder_version=\"4.9.7\" _module_preset=\"default\" text_orientation=\"left\" border_color_all_image=\"#353535\"][\/et_pb_blog][\/et_pb_column][\/et_pb_row][\/et_pb_section]","_et_gb_content_width":"","footnotes":""},"class_list":["post-2122","page","type-page","status-publish","hentry"],"yoast_head":"<!-- This site is optimized with the Yoast SEO plugin v27.2 - https:\/\/yoast.com\/product\/yoast-seo-wordpress\/ -->\n<title>Career - HKT<\/title>\n<meta name=\"robots\" content=\"index, follow, max-snippet:-1, max-image-preview:large, max-video-preview:-1\" \/>\n<link rel=\"canonical\" href=\"https:\/\/hkt.de\/en\/career\/\" \/>\n<meta property=\"og:locale\" content=\"en_US\" \/>\n<meta property=\"og:type\" content=\"article\" \/>\n<meta property=\"og:title\" content=\"Career - HKT\" \/>\n<meta property=\"og:description\" content=\"WELCOME TO OUR TEAM!CAREERS AT HKTAn important cornerstone of our success is the constant growth of knowledge through the acquisition of new qualified employees. We offer you, an engaged specialist, excellent development opportunities, an exciting and varied area of responsibility and, of course, recognition for good performance. Providing new employees with intensive training opportunities in [&hellip;]\" \/>\n<meta property=\"og:url\" content=\"https:\/\/hkt.de\/en\/career\/\" \/>\n<meta property=\"og:site_name\" content=\"HKT\" \/>\n<meta property=\"article:modified_time\" content=\"2023-08-03T11:17:18+00:00\" \/>\n<meta name=\"twitter:card\" content=\"summary_large_image\" \/>\n<meta name=\"twitter:label1\" content=\"Est. reading time\" \/>\n\t<meta name=\"twitter:data1\" content=\"4 minutes\" \/>\n<script type=\"application\/ld+json\" class=\"yoast-schema-graph\">{\"@context\":\"https:\/\/schema.org\",\"@graph\":[{\"@type\":\"WebPage\",\"@id\":\"https:\/\/hkt.de\/en\/career\/\",\"url\":\"https:\/\/hkt.de\/en\/career\/\",\"name\":\"Career - HKT\",\"isPartOf\":{\"@id\":\"https:\/\/hkt.de\/#website\"},\"datePublished\":\"2021-06-17T16:35:38+00:00\",\"dateModified\":\"2023-08-03T11:17:18+00:00\",\"breadcrumb\":{\"@id\":\"https:\/\/hkt.de\/en\/career\/#breadcrumb\"},\"inLanguage\":\"en-US\",\"potentialAction\":[{\"@type\":\"ReadAction\",\"target\":[\"https:\/\/hkt.de\/en\/career\/\"]}]},{\"@type\":\"BreadcrumbList\",\"@id\":\"https:\/\/hkt.de\/en\/career\/#breadcrumb\",\"itemListElement\":[{\"@type\":\"ListItem\",\"position\":1,\"name\":\"Startseite\",\"item\":\"https:\/\/hkt.de\/en\/\"},{\"@type\":\"ListItem\",\"position\":2,\"name\":\"Career\"}]},{\"@type\":\"WebSite\",\"@id\":\"https:\/\/hkt.de\/#website\",\"url\":\"https:\/\/hkt.de\/\",\"name\":\"HKT\",\"description\":\"we connect.\",\"potentialAction\":[{\"@type\":\"SearchAction\",\"target\":{\"@type\":\"EntryPoint\",\"urlTemplate\":\"https:\/\/hkt.de\/?s={search_term_string}\"},\"query-input\":{\"@type\":\"PropertyValueSpecification\",\"valueRequired\":true,\"valueName\":\"search_term_string\"}}],\"inLanguage\":\"en-US\"}]}<\/script>\n<!-- \/ Yoast SEO plugin. -->","yoast_head_json":{"title":"Career - HKT","robots":{"index":"index","follow":"follow","max-snippet":"max-snippet:-1","max-image-preview":"max-image-preview:large","max-video-preview":"max-video-preview:-1"},"canonical":"https:\/\/hkt.de\/en\/career\/","og_locale":"en_US","og_type":"article","og_title":"Career - HKT","og_description":"WELCOME TO OUR TEAM!CAREERS AT HKTAn important cornerstone of our success is the constant growth of knowledge through the acquisition of new qualified employees. We offer you, an engaged specialist, excellent development opportunities, an exciting and varied area of responsibility and, of course, recognition for good performance. Providing new employees with intensive training opportunities in [&hellip;]","og_url":"https:\/\/hkt.de\/en\/career\/","og_site_name":"HKT","article_modified_time":"2023-08-03T11:17:18+00:00","twitter_card":"summary_large_image","twitter_misc":{"Est. reading time":"4 minutes"},"schema":{"@context":"https:\/\/schema.org","@graph":[{"@type":"WebPage","@id":"https:\/\/hkt.de\/en\/career\/","url":"https:\/\/hkt.de\/en\/career\/","name":"Career - HKT","isPartOf":{"@id":"https:\/\/hkt.de\/#website"},"datePublished":"2021-06-17T16:35:38+00:00","dateModified":"2023-08-03T11:17:18+00:00","breadcrumb":{"@id":"https:\/\/hkt.de\/en\/career\/#breadcrumb"},"inLanguage":"en-US","potentialAction":[{"@type":"ReadAction","target":["https:\/\/hkt.de\/en\/career\/"]}]},{"@type":"BreadcrumbList","@id":"https:\/\/hkt.de\/en\/career\/#breadcrumb","itemListElement":[{"@type":"ListItem","position":1,"name":"Startseite","item":"https:\/\/hkt.de\/en\/"},{"@type":"ListItem","position":2,"name":"Career"}]},{"@type":"WebSite","@id":"https:\/\/hkt.de\/#website","url":"https:\/\/hkt.de\/","name":"HKT","description":"we connect.","potentialAction":[{"@type":"SearchAction","target":{"@type":"EntryPoint","urlTemplate":"https:\/\/hkt.de\/?s={search_term_string}"},"query-input":{"@type":"PropertyValueSpecification","valueRequired":true,"valueName":"search_term_string"}}],"inLanguage":"en-US"}]}},"_links":{"self":[{"href":"https:\/\/hkt.de\/en\/wp-json\/wp\/v2\/pages\/2122","targetHints":{"allow":["GET"]}}],"collection":[{"href":"https:\/\/hkt.de\/en\/wp-json\/wp\/v2\/pages"}],"about":[{"href":"https:\/\/hkt.de\/en\/wp-json\/wp\/v2\/types\/page"}],"author":[{"embeddable":true,"href":"https:\/\/hkt.de\/en\/wp-json\/wp\/v2\/users\/5"}],"replies":[{"embeddable":true,"href":"https:\/\/hkt.de\/en\/wp-json\/wp\/v2\/comments?post=2122"}],"version-history":[{"count":26,"href":"https:\/\/hkt.de\/en\/wp-json\/wp\/v2\/pages\/2122\/revisions"}],"predecessor-version":[{"id":4136,"href":"https:\/\/hkt.de\/en\/wp-json\/wp\/v2\/pages\/2122\/revisions\/4136"}],"wp:attachment":[{"href":"https:\/\/hkt.de\/en\/wp-json\/wp\/v2\/media?parent=2122"}],"curies":[{"name":"wp","href":"https:\/\/api.w.org\/{rel}","templated":true}]}}